{"id":518,"date":"2023-05-10T17:20:56","date_gmt":"2023-05-10T17:20:56","guid":{"rendered":"https:\/\/www.ekarsafety.com\/privacy-policy\/"},"modified":"2023-07-28T07:49:36","modified_gmt":"2023-07-28T07:49:36","slug":"privacy-policy","status":"publish","type":"page","link":"https:\/\/www.ekarsafety.com\/en\/privacy-policy\/","title":{"rendered":"Privacy Policy"},"content":{"rendered":"\t\t<div data-elementor-type=\"wp-page\" data-elementor-id=\"518\" class=\"elementor elementor-518 elementor-383\">\n\t\t\t\t\t\t\t\t\t<section class=\"elementor-section elementor-top-section elementor-element elementor-element-352cffd2 elementor-section-boxed elementor-section-height-default elementor-section-height-default\" data-id=\"352cffd2\" data-element_type=\"section\">\n\t\t\t\t\t\t<div class=\"elementor-container elementor-column-gap-default\">\n\t\t\t\t\t<div class=\"elementor-column elementor-col-100 elementor-top-column elementor-element elementor-element-3ae27e83\" data-id=\"3ae27e83\" data-element_type=\"column\">\n\t\t\t<div class=\"elementor-widget-wrap elementor-element-populated\">\n\t\t\t\t\t\t\t\t<div class=\"elementor-element elementor-element-49e4c9e1 elementor-widget elementor-widget-text-editor\" data-id=\"49e4c9e1\" data-element_type=\"widget\" data-widget_type=\"text-editor.default\">\n\t\t\t\t<div class=\"elementor-widget-container\">\n\t\t\t<style>\/*! elementor - v3.6.7 - 03-07-2022 *\/\n.elementor-widget-text-editor.elementor-drop-cap-view-stacked .elementor-drop-cap{background-color:#818a91;color:#fff}.elementor-widget-text-editor.elementor-drop-cap-view-framed .elementor-drop-cap{color:#818a91;border:3px solid;background-color:transparent}.elementor-widget-text-editor:not(.elementor-drop-cap-view-default) .elementor-drop-cap{margin-top:8px}.elementor-widget-text-editor:not(.elementor-drop-cap-view-default) .elementor-drop-cap-letter{width:1em;height:1em}.elementor-widget-text-editor .elementor-drop-cap{float:left;text-align:center;line-height:1;font-size:50px}.elementor-widget-text-editor .elementor-drop-cap-letter{display:inline-block}<\/style>\t\t\t\t<p><\/p>\n<p>El uso de la web atribuye la condici\u00f3n de usuario (en adelante, el <strong>\u201cUsuario\u201d<\/strong>) e implica el conocimiento y la aceptaci\u00f3n de todas las condiciones incluidas en esta Pol\u00edtica de Privacidad. El Usuario debe leer atentamente la presente Pol\u00edtica de Privacidad en cada una de las ocasiones que se proponga utilizar la web, ya que \u00e9sta puede sufrir modificaciones.<\/p>\n<p><\/p>\n<p><\/p>\n<h2>Recogida, tratamiento y uso de los datos personales en la web.<\/h2>\n<p><\/p>\n<p><\/p>\n<p>En base a lo dispuesto en el Reglamento General de Protecci\u00f3n de Datos 2016\/679 (RGPD) le informamos que para hacer uso algunos de los servicios que les ofrece nuestra web, puede ser necesario que nos suministre determinados datos de car\u00e1cter personal que ser\u00e1n incorporados a ficheros automatizados.<\/p>\n<p><\/p>\n<p><\/p>\n<p>Cumpliendo con las nuevas disposiciones del Reglamento (UE) 2016\/679 del PE y del Consejo de 27 de Abril de 2016 , relativas a la protecci\u00f3n de las personas f\u00edsicas en lo que respecta al tratamiento de datos personales y a la libre circulaci\u00f3n de estos datos y por el que se deroga la Directiva 95\/46\/CE, informamos de que el <strong>responsable del tratamiento<\/strong> de los datos es <strong>EKAR-SAFETY S.L.<\/strong> con domicilio social en P\u00ba Ubarburu, 39 Edif. ENERTIC &#8211; Ofic.403 20014, San Sebasti\u00e1n, Gipuzkoa, Espa\u00f1a.<\/p>\n<p><\/p>\n<p><\/p>\n<p>Con car\u00e1cter general, los datos recogidos ser\u00e1n tratados con la finalidad de prestar los servicios ofrecidos a trav\u00e9s de la web o atender otros tipos de relaciones que puedan surgir con <strong>EKAR-SAFETY SL<\/strong>. como consecuencia de las solicitudes, gestiones o tr\u00e1mites que el Usuario realice mediante la web. Los datos objeto de tratamiento ser\u00e1n aquellos que nos facilite a trav\u00e9s de los formularios que en cada momento contenga la p\u00e1gina o <strong>a trav\u00e9s de los correos electr\u00f3nicos que el Usuario dirija a las direcciones de correo electr\u00f3nico identificadas en la misma<\/strong>, as\u00ed como aquellos otros que se generen durante el mantenimiento de la relaci\u00f3n correspondiente.<\/p>\n<p><\/p>\n<p><\/p>\n<p>Todos los campos que aparecen se\u00f1alados como obligatorios en cualesquiera de los formularios deber\u00e1n ser cumplimentados necesariamente, de tal modo que la omisi\u00f3n de alguno de ellos podr\u00e1 comportar la imposibilidad de que podamos atender su solicitud o prestarle los servicios correspondientes.<\/p>\n<p><\/p>\n<p><\/p>\n<p>Adicionalmente, durante dicha recogida de datos, es posible que se solicite su consentimiento para otra serie de finalidades que no guardan una relaci\u00f3n directa con el servicio o la relaci\u00f3n correspondiente. En dicho caso, marque la casilla destinada al efecto seg\u00fan corresponda.<\/p>\n<p><\/p>\n<p><\/p>\n<h2>Comunicaciones o cesiones de datos.<strong> <\/strong><\/h2>\n<p><\/p>\n<p><\/p>\n<p>Los datos recogidos en la p\u00e1gina web <a href=\"http:\/\/www.adeepi.com\/\">www.ekarsafety.com<\/a> \u00fanicamente ser\u00e1n ser comunicados a otras empresas para el desarrollo, mantenimiento y control de la relaci\u00f3n jur\u00eddica que se establezca o cuando exista autorizaci\u00f3n legal para hacerlo.<\/p>\n<p><\/p>\n<p><\/p>\n<p>La aceptaci\u00f3n del usuario para que puedan ser tratados o cedidos sus datos en la forma establecida en este p\u00e1rrafo, tiene siempre car\u00e1cter revocable, sin efectos retroactivos.<\/p>\n<p><\/p>\n<p><\/p>\n<p>Fuera de los supuestos previstos en el p\u00e1rrafo anterior, <strong>EKAR-SAFETY S.L. <\/strong>no comunicar\u00e1 los datos personales de los Usuarios a ning\u00fan otro tercero, <strong>salvo cuando se obtenga su consentimiento previo para ello en la forma legalmente exigida<\/strong>.<\/p>\n<p><\/p>\n<p><\/p>\n<h2>Exactitud, actualizaci\u00f3n y conservaci\u00f3n de los datos personales de los Usuarios.<\/h2>\n<p><\/p>\n<p><\/p>\n<p>Al enviarnos sus datos a trav\u00e9s de los formularios previstos o mediante correo electr\u00f3nico a los buzones correspondientes, el Usuario declara que la informaci\u00f3n y los datos facilitados son exactos y veraces, as\u00ed como que es mayor de 18 a\u00f1os. Los servicios de la web no est\u00e1n dirigidos a menores de 18 a\u00f1os por lo que no tenemos previsto consentimiento paterno en ning\u00fan caso. Ser\u00e1 responsabilidad del Usuario mantener permanentemente actualizados todos sus datos personales.<\/p>\n<p><\/p>\n<p><\/p>\n<p><strong>EKAR-SAFETY S.L.<\/strong> conservar\u00e1 los datos personales mientras sea necesario para prestar los servicios o atender las solicitudes de los Usuarios y, en todo caso, por los periodos legalmente previstos para cada caso.<\/p>\n<p><\/p>\n<p><\/p>\n<h2><br>Ejercicio de los derechos de acceso, rectificaci\u00f3n, cancelaci\u00f3n y oposici\u00f3n.<\/h2>\n<p><\/p>\n<p><\/p>\n<p>Los usuarios podr\u00e1n oponerse al tratamiento de cualquiera de sus datos que no sean imprescindibles para la prestaci\u00f3n de servicios ofertados en la web y a su uso para cualquier finalidad distinta del mantenimiento de su relaci\u00f3n de la especificada en la misma. <\/p>\n<p><\/p>\n<p><\/p>\n<p>Los usuarios quedan debidamente informados y por tanto podr\u00e1n ejercer, <strong>en cualquier momento<\/strong>, sus derechos de acceso, rectificaci\u00f3n, cancelaci\u00f3n y oposici\u00f3n al tratamiento de sus datos, as\u00ed como revocar su consentimiento o ejercer su derecho al olvido en los t\u00e9rminos previstos legalmente, dirigi\u00e9ndose a la siguiente direcci\u00f3n electr\u00f3nica: <a href=\"mailto:web@ekarsafety.com\">web@ekarsafety.com <\/a>o a la siguiente direcci\u00f3n postal: Pokopandegi, 11 &#8211; Oficina 013 20018 Donostia Gipuzkoa (Espa\u00f1a) y acompa\u00f1ando copia del documento que acredite su identidad.<\/p>\n<p><\/p>\n<p><\/p>\n<h2>Sitios Enlazados.<\/h2>\n<p><\/p>\n<p><\/p>\n<p>La web puede contener enlaces con otros sitios web ajenos a <strong>EKAR-SAFETY S.L.<\/strong> , de manera que no podemos garantizar ni respondemos del tratamiento de los datos personales que el usuario proporcione en esos sitios web. En consecuencia, le recomendamos que revise las pol\u00edticas de privacidad de dichos sitios.<\/p>\n<p><\/p>\t\t\t\t\t\t<\/div>\n\t\t\t\t<\/div>\n\t\t\t\t\t<\/div>\n\t\t<\/div>\n\t\t\t\t\t\t\t<\/div>\n\t\t<\/section>\n\t\t\t\t\t\t\t<\/div>\n\t\t","protected":false},"excerpt":{"rendered":"<p>El uso de la web atribuye la condici\u00f3n de usuario (en adelante, el \u201cUsuario\u201d) e implica el conocimiento y la aceptaci\u00f3n de todas las condiciones incluidas en esta Pol\u00edtica de Privacidad. El Usuario debe leer atentamente la presente Pol\u00edtica de Privacidad en cada una de las ocasiones que se proponga utilizar la web, ya que [&hellip;]<\/p>\n","protected":false},"author":1,"featured_media":0,"parent":0,"menu_order":0,"comment_status":"closed","ping_status":"closed","template":"","meta":{"footnotes":""},"class_list":["post-518","page","type-page","status-publish","hentry"],"yoast_head":"<!-- This site is optimized with the Yoast SEO plugin v23.2 - https:\/\/yoast.com\/wordpress\/plugins\/seo\/ -->\n<title>Privacy Policy - Ekar-Safety<\/title>\n<meta name=\"description\" content=\"Privacy Policy\" \/>\n<meta name=\"robots\" content=\"index, follow, max-snippet:-1, max-image-preview:large, max-video-preview:-1\" \/>\n<link rel=\"canonical\" href=\"https:\/\/www.ekarsafety.com\/en\/privacy-policy\/\" \/>\n<meta property=\"og:locale\" content=\"en_US\" \/>\n<meta property=\"og:type\" content=\"article\" \/>\n<meta property=\"og:title\" content=\"Privacy Policy - Ekar-Safety\" \/>\n<meta property=\"og:description\" content=\"Privacy Policy\" \/>\n<meta property=\"og:url\" content=\"https:\/\/www.ekarsafety.com\/en\/privacy-policy\/\" \/>\n<meta property=\"og:site_name\" content=\"Ekar-Safety\" \/>\n<meta property=\"article:modified_time\" content=\"2023-07-28T07:49:36+00:00\" \/>\n<meta name=\"twitter:card\" content=\"summary_large_image\" \/>\n<meta name=\"twitter:label1\" content=\"Est. reading time\" \/>\n\t<meta name=\"twitter:data1\" content=\"4 minutes\" \/>\n<script type=\"application\/ld+json\" class=\"yoast-schema-graph\">{\"@context\":\"https:\/\/schema.org\",\"@graph\":[{\"@type\":\"WebPage\",\"@id\":\"https:\/\/www.ekarsafety.com\/en\/privacy-policy\/\",\"url\":\"https:\/\/www.ekarsafety.com\/en\/privacy-policy\/\",\"name\":\"Privacy Policy - Ekar-Safety\",\"isPartOf\":{\"@id\":\"https:\/\/www.ekarsafety.com\/#website\"},\"datePublished\":\"2023-05-10T17:20:56+00:00\",\"dateModified\":\"2023-07-28T07:49:36+00:00\",\"description\":\"Privacy Policy\",\"breadcrumb\":{\"@id\":\"https:\/\/www.ekarsafety.com\/en\/privacy-policy\/#breadcrumb\"},\"inLanguage\":\"en-US\",\"potentialAction\":[{\"@type\":\"ReadAction\",\"target\":[\"https:\/\/www.ekarsafety.com\/en\/privacy-policy\/\"]}]},{\"@type\":\"BreadcrumbList\",\"@id\":\"https:\/\/www.ekarsafety.com\/en\/privacy-policy\/#breadcrumb\",\"itemListElement\":[{\"@type\":\"ListItem\",\"position\":1,\"name\":\"Portada\",\"item\":\"https:\/\/www.ekarsafety.com\/en\/start\/\"},{\"@type\":\"ListItem\",\"position\":2,\"name\":\"Privacy Policy\"}]},{\"@type\":\"WebSite\",\"@id\":\"https:\/\/www.ekarsafety.com\/#website\",\"url\":\"https:\/\/www.ekarsafety.com\/\",\"name\":\"Ekar-Safety\",\"description\":\"Aportamos soluciones de importaci\u00f3n de productos de protecci\u00f3n\",\"publisher\":{\"@id\":\"https:\/\/www.ekarsafety.com\/#organization\"},\"alternateName\":\"Ekar-Safety\",\"potentialAction\":[{\"@type\":\"SearchAction\",\"target\":{\"@type\":\"EntryPoint\",\"urlTemplate\":\"https:\/\/www.ekarsafety.com\/?s={search_term_string}\"},\"query-input\":\"required name=search_term_string\"}],\"inLanguage\":\"en-US\"},{\"@type\":\"Organization\",\"@id\":\"https:\/\/www.ekarsafety.com\/#organization\",\"name\":\"Ekar- Safety\",\"alternateName\":\"Ekar- Safety\",\"url\":\"https:\/\/www.ekarsafety.com\/\",\"logo\":{\"@type\":\"ImageObject\",\"inLanguage\":\"en-US\",\"@id\":\"https:\/\/www.ekarsafety.com\/#\/schema\/logo\/image\/\",\"url\":\"https:\/\/www.ekarsafety.com\/wp-content\/uploads\/2022\/06\/cropped-cropped-logo.gif\",\"contentUrl\":\"https:\/\/www.ekarsafety.com\/wp-content\/uploads\/2022\/06\/cropped-cropped-logo.gif\",\"width\":261,\"height\":104,\"caption\":\"Ekar- Safety\"},\"image\":{\"@id\":\"https:\/\/www.ekarsafety.com\/#\/schema\/logo\/image\/\"}}]}<\/script>\n<!-- \/ Yoast SEO plugin. -->","yoast_head_json":{"title":"Privacy Policy - Ekar-Safety","description":"Privacy Policy","robots":{"index":"index","follow":"follow","max-snippet":"max-snippet:-1","max-image-preview":"max-image-preview:large","max-video-preview":"max-video-preview:-1"},"canonical":"https:\/\/www.ekarsafety.com\/en\/privacy-policy\/","og_locale":"en_US","og_type":"article","og_title":"Privacy Policy - Ekar-Safety","og_description":"Privacy Policy","og_url":"https:\/\/www.ekarsafety.com\/en\/privacy-policy\/","og_site_name":"Ekar-Safety","article_modified_time":"2023-07-28T07:49:36+00:00","twitter_card":"summary_large_image","twitter_misc":{"Est. reading time":"4 minutes"},"schema":{"@context":"https:\/\/schema.org","@graph":[{"@type":"WebPage","@id":"https:\/\/www.ekarsafety.com\/en\/privacy-policy\/","url":"https:\/\/www.ekarsafety.com\/en\/privacy-policy\/","name":"Privacy Policy - Ekar-Safety","isPartOf":{"@id":"https:\/\/www.ekarsafety.com\/#website"},"datePublished":"2023-05-10T17:20:56+00:00","dateModified":"2023-07-28T07:49:36+00:00","description":"Privacy Policy","breadcrumb":{"@id":"https:\/\/www.ekarsafety.com\/en\/privacy-policy\/#breadcrumb"},"inLanguage":"en-US","potentialAction":[{"@type":"ReadAction","target":["https:\/\/www.ekarsafety.com\/en\/privacy-policy\/"]}]},{"@type":"BreadcrumbList","@id":"https:\/\/www.ekarsafety.com\/en\/privacy-policy\/#breadcrumb","itemListElement":[{"@type":"ListItem","position":1,"name":"Portada","item":"https:\/\/www.ekarsafety.com\/en\/start\/"},{"@type":"ListItem","position":2,"name":"Privacy Policy"}]},{"@type":"WebSite","@id":"https:\/\/www.ekarsafety.com\/#website","url":"https:\/\/www.ekarsafety.com\/","name":"Ekar-Safety","description":"Aportamos soluciones de importaci\u00f3n de productos de protecci\u00f3n","publisher":{"@id":"https:\/\/www.ekarsafety.com\/#organization"},"alternateName":"Ekar-Safety","potentialAction":[{"@type":"SearchAction","target":{"@type":"EntryPoint","urlTemplate":"https:\/\/www.ekarsafety.com\/?s={search_term_string}"},"query-input":"required name=search_term_string"}],"inLanguage":"en-US"},{"@type":"Organization","@id":"https:\/\/www.ekarsafety.com\/#organization","name":"Ekar- Safety","alternateName":"Ekar- Safety","url":"https:\/\/www.ekarsafety.com\/","logo":{"@type":"ImageObject","inLanguage":"en-US","@id":"https:\/\/www.ekarsafety.com\/#\/schema\/logo\/image\/","url":"https:\/\/www.ekarsafety.com\/wp-content\/uploads\/2022\/06\/cropped-cropped-logo.gif","contentUrl":"https:\/\/www.ekarsafety.com\/wp-content\/uploads\/2022\/06\/cropped-cropped-logo.gif","width":261,"height":104,"caption":"Ekar- Safety"},"image":{"@id":"https:\/\/www.ekarsafety.com\/#\/schema\/logo\/image\/"}}]}},"_links":{"self":[{"href":"https:\/\/www.ekarsafety.com\/en\/wp-json\/wp\/v2\/pages\/518","targetHints":{"allow":["GET"]}}],"collection":[{"href":"https:\/\/www.ekarsafety.com\/en\/wp-json\/wp\/v2\/pages"}],"about":[{"href":"https:\/\/www.ekarsafety.com\/en\/wp-json\/wp\/v2\/types\/page"}],"author":[{"embeddable":true,"href":"https:\/\/www.ekarsafety.com\/en\/wp-json\/wp\/v2\/users\/1"}],"replies":[{"embeddable":true,"href":"https:\/\/www.ekarsafety.com\/en\/wp-json\/wp\/v2\/comments?post=518"}],"version-history":[{"count":4,"href":"https:\/\/www.ekarsafety.com\/en\/wp-json\/wp\/v2\/pages\/518\/revisions"}],"predecessor-version":[{"id":560,"href":"https:\/\/www.ekarsafety.com\/en\/wp-json\/wp\/v2\/pages\/518\/revisions\/560"}],"wp:attachment":[{"href":"https:\/\/www.ekarsafety.com\/en\/wp-json\/wp\/v2\/media?parent=518"}],"curies":[{"name":"wp","href":"https:\/\/api.w.org\/{rel}","templated":true}]}}