{"id":493,"date":"2022-06-27T08:18:04","date_gmt":"2022-06-27T08:18:04","guid":{"rendered":"https:\/\/www.ekarsafety.com\/legal-warning\/"},"modified":"2023-07-28T07:48:42","modified_gmt":"2023-07-28T07:48:42","slug":"legal-warning","status":"publish","type":"page","link":"https:\/\/www.ekarsafety.com\/en\/legal-warning\/","title":{"rendered":"Legal warning"},"content":{"rendered":"\t\t<div data-elementor-type=\"wp-page\" data-elementor-id=\"493\" class=\"elementor elementor-493 elementor-3\">\n\t\t\t\t\t\t\t\t\t<section class=\"elementor-section elementor-top-section elementor-element elementor-element-fb7389b elementor-section-boxed elementor-section-height-default elementor-section-height-default\" data-id=\"fb7389b\" data-element_type=\"section\">\n\t\t\t\t\t\t<div class=\"elementor-container elementor-column-gap-default\">\n\t\t\t\t\t<div class=\"elementor-column elementor-col-100 elementor-top-column elementor-element elementor-element-a5d18f2\" data-id=\"a5d18f2\" data-element_type=\"column\">\n\t\t\t<div class=\"elementor-widget-wrap elementor-element-populated\">\n\t\t\t\t\t\t\t\t<div class=\"elementor-element elementor-element-2f9e8570 elementor-widget elementor-widget-text-editor\" data-id=\"2f9e8570\" data-element_type=\"widget\" data-widget_type=\"text-editor.default\">\n\t\t\t\t<div class=\"elementor-widget-container\">\n\t\t\t<style>\/*! elementor - v3.6.7 - 03-07-2022 *\/\n.elementor-widget-text-editor.elementor-drop-cap-view-stacked .elementor-drop-cap{background-color:#818a91;color:#fff}.elementor-widget-text-editor.elementor-drop-cap-view-framed .elementor-drop-cap{color:#818a91;border:3px solid;background-color:transparent}.elementor-widget-text-editor:not(.elementor-drop-cap-view-default) .elementor-drop-cap{margin-top:8px}.elementor-widget-text-editor:not(.elementor-drop-cap-view-default) .elementor-drop-cap-letter{width:1em;height:1em}.elementor-widget-text-editor .elementor-drop-cap{float:left;text-align:center;line-height:1;font-size:50px}.elementor-widget-text-editor .elementor-drop-cap-letter{display:inline-block}<\/style>\t\t\t\t<p><\/p>\n<p>Mediante el presente aviso legal, <strong>EKAR-SAFETY S.L.<\/strong> pone a disposici\u00f3n de sus usuarios la informaci\u00f3n general que los prestadores de servicios de la sociedad de la informaci\u00f3n estamos obligados a poner a su disposici\u00f3n, por imperativo del art. 10 de la Ley 34\/2002, de 11 de julio, de servicios de la sociedad de la informaci\u00f3n y de comercio electr\u00f3nico.<\/p>\n<p><\/p>\n<p><\/p>\n<p>Se informa que el sitio web www.ekar-safety.com es titularidad de <span style=\"font-weight: bolder;\">EKAR-SAFETY S.L.<\/span> legalmente registrada con NIF B75032250 y cuyo domicilio social se encuentra P\u00ba Ubarburu, 39 Edif. ENERTIC &#8211; Ofic.403 20014, San Sebasti\u00e1n, Gipuzkoa, Espa\u00f1a. <span style=\"color: var( --e-global-color-text ); font-family: var( --e-global-typography-text-font-family ), Sans-serif; font-weight: var( --e-global-typography-text-font-weight ); font-size: 1rem;\">A efectos de contacto e informaci\u00f3n <\/span><span style=\"color: var( --e-global-color-text ); font-family: var( --e-global-typography-text-font-family ), Sans-serif; font-size: 1rem; font-weight: bolder;\">EKAR-SAFETY S.L.<\/span><span style=\"color: var( --e-global-color-text ); font-family: var( --e-global-typography-text-font-family ), Sans-serif; font-weight: var( --e-global-typography-text-font-weight ); font-size: 1rem;\"> pone a disposici\u00f3n del usuario la siguiente direcci\u00f3n de correo electr\u00f3nico: <\/span><a href=\"mailto:web@ekarsafety.com\">web@ekarsafety.com<\/a><\/p>\n<p><\/p>\n<p><\/p>\n<p>El objeto del sitio web es poner a disposici\u00f3n del usuario informaci\u00f3n clara acerca de los servicios prestados por la sociedad titular <span style=\"color: var( --e-global-color-text ); font-family: var( --e-global-typography-text-font-family ), Sans-serif; font-size: 1rem; font-weight: bolder;\">EKAR-SAFETY S.L.<\/span><span style=\"color: var( --e-global-color-text ); font-family: var( --e-global-typography-text-font-family ), Sans-serif; font-weight: var( --e-global-typography-text-font-weight ); font-size: 1rem;\"> <\/span><\/p>\n<p><\/p>\n<p><\/p>\n<h2>1. ACCESO AL SITIO WEB Y ACEPTACI\u00d3N DEL AVISO LEGAL.<\/h2>\n<p><\/p>\n<p><\/p>\n<p>Al acceder a este sitio web, usted adquiere la condici\u00f3n del usuario y acepta plenamente todas y cada una de las condiciones que contiene este Aviso Legal. La finalidad del portal web es la de poner a su disposici\u00f3n los servicios que la empresa ofrece, a trav\u00e9s de la web podr\u00e1 contactar con nosotros, as\u00ed como solicitar informaci\u00f3n. <\/p>\n<p><\/p>\n<p><\/p>\n<p>El usuario se compromete a hacer uso de los servicios y utilidades que ofrece <span style=\"font-weight: bolder;\">EKAR-SAFETY S.L.<\/span> de conformidad con su c\u00f3digo \u00e9tico, las leyes, la buena fe, el orden p\u00fablico, los usos del tr\u00e1fico y este Aviso Legal. El usuario responder\u00e1 ante <span style=\"font-weight: bolder;\">EKAR-SAFETY S.L.<\/span> o frente a terceros, de cualesquiera incumplimientos se produjeran como consecuencia de lo anterior.<\/p>\n<p><\/p>\n<p><\/p>\n<p>El establecimiento de un enlace o link a otra p\u00e1gina o sitio en Internet, en su caso, no implica en ning\u00fan caso la existencia de relaciones entre <span style=\"font-weight: bolder;\">EKAR-SAFETY S.L.<\/span> y el titular o propietario del sitio web al que se enlace, ni tampoco la aceptaci\u00f3n y aprobaci\u00f3n por parte de <span style=\"font-weight: bolder;\">EKAR-SAFETY S.L.<\/span> de sus contenidos o servicios. Quien se proponga establecer un enlace o link a este sitio web, deber\u00e1 solicitar previamente consentimiento a <span style=\"font-weight: bolder;\">EKAR-SAFETY S.L.<\/span> , reserv\u00e1ndose esta \u00faltima el derecho a reclamar los posibles da\u00f1os que se pudieran provocar por el establecimiento de este enlace o link sin la necesaria autorizaci\u00f3n.<\/p>\n<p><\/p>\n<p><\/p>\n<h2>2. USO DE LA WEB POR PARTE DEL VISITANTE<\/h2>\n<p><\/p>\n<p><\/p>\n<p>El usuario deber\u00e1 leer atentamente el Aviso Legal y la Pol\u00edtica de Privacidad y Cookies en cada una de las ocasiones que utilice esta web, ya que las condiciones recogidas pueden sufrir modificaciones en cada momento. Adem\u00e1s, se compromete a hacer un uso adecuado y l\u00edcito del sitio Web y de todos los contenidos, de conformidad con la legislaci\u00f3n aplicable. El Usuario deber\u00e1 abstenerse de:<\/p>\n<p><\/p>\n<p><\/p>\n<p>a. Hacer un uso no autorizado o fraudulento de la web y\/o de los contenidos de <span style=\"color: var( --e-global-color-text ); font-family: var( --e-global-typography-text-font-family ), Sans-serif; font-size: 1rem; font-weight: bolder;\">EKAR-SAFETY S.L.<\/span><span style=\"color: var( --e-global-color-text ); font-family: var( --e-global-typography-text-font-family ), Sans-serif; font-weight: var( --e-global-typography-text-font-weight ); font-size: 1rem;\"> <\/span><\/p>\n<p><\/p>\n<p><\/p>\n<p>b. Introducir o difundir en la red virus inform\u00e1ticos o cualesquiera otros sistemas f\u00edsicos o l\u00f3gicos que sean susceptibles de provocar da\u00f1os en los sistemas f\u00edsicos o l\u00f3gicos del propietario del dominio, de sus proveedores o de terceros.<\/p>\n<p><\/p>\n<p><\/p>\n<p>c. Intentar acceder, utilizar y\/o manipular los datos del propietario del dominio ekarsafety.com o webs sat\u00e9lites o propiedad suya o de los usuarios del mismo. <\/p>\n<p><\/p>\n<p><\/p>\n<p>d. Suprimir, ocultar o manipular las notas sobre derechos de propiedad intelectual o industrial y dem\u00e1s datos identificativos de los derechos del titular de la web, de terceros incorporados a los contenidos o comentarios, as\u00ed como los dispositivos t\u00e9cnicos de protecci\u00f3n o cualesquiera mecanismos de informaci\u00f3n que puedan insertarse en los contenidos.<\/p>\n<p><\/p>\n<p><\/p>\n<p>e. Realizar copia y\/o publicaci\u00f3n de la p\u00e1gina web, sin autorizaci\u00f3n expresa de <strong>EKAR-SAFETY S.L.<\/strong> , por escrito en este o cualquiera de sus sitios web.<\/p>\n<p><\/p>\n<p><\/p>\n<h2>3. DERECHOS DE PROPIEDAD INTELECTUAL E INDUSTRIAL.<\/h2>\n<p><\/p>\n<p><\/p>\n<p><strong>EKAR-SAFETY SL<\/strong>. en virtud de lo dispuesto en los art\u00edculos 8 y 32.1 p\u00e1rrafo segundo de la ley de propiedad intelectual, informa de que queda expresamente prohibidas la reproducci\u00f3n y la comunicaci\u00f3n p\u00fablica, incluida su modalidad de puesta a disposici\u00f3n, de la totalidad o parte de los contenidos de esta p\u00e1gina web, con fines comerciales, en cualquier soporte y por cualquier medio t\u00e9cnico, sin la autorizaci\u00f3n de <span style=\"font-weight: bolder;\">EKAR-SAFETY S.L.<\/span> El usuario se compromete a respetar los derechos de Propiedad Intelectual e Industrial de <span style=\"color: var( --e-global-color-text ); font-family: var( --e-global-typography-text-font-family ), Sans-serif; font-size: 1rem; font-weight: bolder;\">EKAR-SAFETY S.L.<\/span><span style=\"color: var( --e-global-color-text ); font-family: var( --e-global-typography-text-font-family ), Sans-serif; font-weight: var( --e-global-typography-text-font-weight ); font-size: 1rem;\"> <\/span><\/p>\n<p><\/p>\n<p><\/p>\n<p>Se permite la visualizaci\u00f3n de todos los contenidos y elementos del portal web, as\u00ed como su impresi\u00f3n, copia y almacenamiento en cualquier soporte f\u00edsico o tecnol\u00f3gico siempre y cuando sea, \u00fanica y exclusivamente, para su uso personal y privado. El usuario de la se compromete a abstenerse de suprimir, alterar o manipular cualquier dispositivo de protecci\u00f3n o sistema de seguridad que estuviera instalado en la p\u00e1gina web <a style=\"font-family: var( --e-global-typography-text-font-family ), Sans-serif; font-weight: var( --e-global-typography-text-font-weight ); background-color: #ffffff; font-size: 1rem;\" href=\"http:\/\/www.ekarsafety.com\">www.ekarsafety.com<\/a><\/p>\n<p> <\/p>\n<p><\/p>\n<p><\/p>\n<h2>4. EXCLUSI\u00d3N DE GARANT\u00cdAS Y RESPONSABILIDAD. ENLACES <\/h2>\n<p><\/p>\n<p><\/p>\n<p><strong>EKAR-SAFETY S.L. <\/strong>no se hace responsable, en ning\u00fan caso de los da\u00f1os y perjuicios que se pudieran ocasionar a pesar de haber adoptado todas las medidas tecnol\u00f3gicas necesarias para evitarlo.<\/p>\n<p><\/p>\n<p><\/p>\n<p>Debido a la existencia de enlaces e hiperv\u00ednculos hacia otros sitios web en los contenidos del portal web <\/p>\n<p><\/p>\n<p><\/p>\n<p>Se permite la visualizaci\u00f3n de todos los contenidos y elementos del portal web, as\u00ed como su impresi\u00f3n, copia y almacenamiento en cualquier soporte f\u00edsico o tecnol\u00f3gico siempre y cuando sea, \u00fanica y exclusivamente, para su uso personal y privado. El usuario de la se compromete a abstenerse de suprimir, alterar o manipular cualquier dispositivo de protecci\u00f3n o sistema de seguridad que estuviera instalado en la p\u00e1gina web <a style=\"font-family: var( --e-global-typography-text-font-family ), Sans-serif; font-weight: var( --e-global-typography-text-font-weight ); background-color: #ffffff; font-size: 1rem;\" href=\"http:\/\/www.ekarsafety.com\">www.ekarsafety.com<\/a><span style=\"color: var( --e-global-color-text ); font-family: var( --e-global-typography-text-font-family ), Sans-serif; font-weight: var( --e-global-typography-text-font-weight ); font-size: 1rem;\">, la sociedad informa de que <\/span><span style=\"color: var( --e-global-color-text ); font-family: var( --e-global-typography-text-font-family ), Sans-serif; font-size: 1rem; font-weight: bolder;\">EKAR-SAFETY S.L.<\/span><span style=\"color: var( --e-global-color-text ); font-family: var( --e-global-typography-text-font-family ), Sans-serif; font-weight: var( --e-global-typography-text-font-weight ); font-size: 1rem;\"> no ejercer\u00e1 ning\u00fan control sobre dichos sitios y contenidos. Bajo ning\u00fan concepto asumir\u00e1 responsabilidad alguna por los contenidos de enlaces de terceros ni garantizar\u00e1 la disponibilidad, calidad, veracidad, exactitud y constitucionalidad de cualquier material o informaci\u00f3n contenida en ninguno de dichos hiperv\u00ednculos y otros sitios de internet. <\/span><\/p>\n<p><\/p>\n<p><\/p>\n<p>La inclusi\u00f3n de estas conexiones externas no implicar\u00e1 ning\u00fan tipo de asociaci\u00f3n, fusi\u00f3n o participaci\u00f3n con las entidades terceras.<\/p>\n<p><\/p>\n<p><\/p>\n<h2>5. LEGISLACI\u00d3N Y JURISDICCI\u00d3N.<\/h2>\n<p><\/p>\n<p><\/p>\n<p>La legislaci\u00f3n aplicable al presente Aviso Legal ser\u00e1 la legislaci\u00f3n espa\u00f1ola, y la jurisdicci\u00f3n competente para conocer de cualesquiera demandas que este sitio Web suscite ser\u00e1 la de los Juzgados y Tribunales de la ciudad de Irun.<\/p>\n<p><\/p>\n<p><\/p>\n<p><span style=\"color: var( --e-global-color-text ); font-family: var( --e-global-typography-text-font-family ), Sans-serif; font-size: 1rem; font-weight: bolder;\">EKAR-SAFETY S.L.<\/span><span style=\"color: var( --e-global-color-text ); font-family: var( --e-global-typography-text-font-family ), Sans-serif; font-weight: var( --e-global-typography-text-font-weight ); font-size: 1rem;\"> <\/span>denunciar\u00e1 cualquier incumplimiento de las presentes condiciones, as\u00ed como un uso indebido o negligente de su portal ejerciendo todas las acciones civiles y penales que le puedan corresponder seg\u00fan derecho.<\/p>\n<p><\/p>\n<p><\/p>\n<p>Del mismo modo, los titulares del portal web <a style=\"font-family: var( --e-global-typography-text-font-family ), Sans-serif; font-weight: var( --e-global-typography-text-font-weight ); background-color: #ffffff; font-size: 1rem;\" href=\"http:\/\/www.ekarsafety.com\">www.ekarsafety.com<\/a> <span style=\"color: var( --e-global-color-text ); font-family: var( --e-global-typography-text-font-family ), Sans-serif; font-weight: var( --e-global-typography-text-font-weight ); font-size: 1rem;\">se reservan el derecho de denegar o retirar el acceso al sitio web y\/o a los servicios ofrecidos sin previo aviso o a instancia propia o de un tercero, a aquellos usuarios que incumplan el presente Aviso Legal, la pol\u00edtica de cookies o haga caso omiso a la Pol\u00edtica de Privacidad.<\/span><a style=\"font-family: var( --e-global-typography-text-font-family ), Sans-serif; font-weight: var( --e-global-typography-text-font-weight ); background-color: #ffffff; font-size: 1rem;\" href=\"http:\/\/www.ekarsafety.com\">www.ekarsafety.com<\/a><\/p>\n<p> <\/p>\n<p><\/p>\t\t\t\t\t\t<\/div>\n\t\t\t\t<\/div>\n\t\t\t\t\t<\/div>\n\t\t<\/div>\n\t\t\t\t\t\t\t<\/div>\n\t\t<\/section>\n\t\t\t\t\t\t\t<\/div>\n\t\t","protected":false},"excerpt":{"rendered":"<p>Mediante el presente aviso legal, EKAR-SAFETY S.L. pone a disposici\u00f3n de sus usuarios la informaci\u00f3n general que los prestadores de servicios de la sociedad de la informaci\u00f3n estamos obligados a poner a su disposici\u00f3n, por imperativo del art. 10 de la Ley 34\/2002, de 11 de julio, de servicios de la sociedad de la informaci\u00f3n [&hellip;]<\/p>\n","protected":false},"author":1,"featured_media":0,"parent":0,"menu_order":0,"comment_status":"closed","ping_status":"closed","template":"","meta":{"footnotes":""},"class_list":["post-493","page","type-page","status-publish","hentry"],"yoast_head":"<!-- This site is optimized with the Yoast SEO plugin v23.2 - https:\/\/yoast.com\/wordpress\/plugins\/seo\/ -->\n<title>Legal warning - Ekar-Safety<\/title>\n<meta name=\"description\" content=\"Legal warning\" \/>\n<meta name=\"robots\" content=\"index, follow, max-snippet:-1, max-image-preview:large, max-video-preview:-1\" \/>\n<link rel=\"canonical\" href=\"https:\/\/www.ekarsafety.com\/en\/legal-warning\/\" \/>\n<meta property=\"og:locale\" content=\"en_US\" \/>\n<meta property=\"og:type\" content=\"article\" \/>\n<meta property=\"og:title\" content=\"Legal warning - Ekar-Safety\" \/>\n<meta property=\"og:description\" content=\"Legal warning\" \/>\n<meta property=\"og:url\" content=\"https:\/\/www.ekarsafety.com\/en\/legal-warning\/\" \/>\n<meta property=\"og:site_name\" content=\"Ekar-Safety\" \/>\n<meta property=\"article:modified_time\" content=\"2023-07-28T07:48:42+00:00\" \/>\n<meta name=\"twitter:card\" content=\"summary_large_image\" \/>\n<meta name=\"twitter:label1\" content=\"Est. reading time\" \/>\n\t<meta name=\"twitter:data1\" content=\"6 minutes\" \/>\n<script type=\"application\/ld+json\" class=\"yoast-schema-graph\">{\"@context\":\"https:\/\/schema.org\",\"@graph\":[{\"@type\":\"WebPage\",\"@id\":\"https:\/\/www.ekarsafety.com\/en\/legal-warning\/\",\"url\":\"https:\/\/www.ekarsafety.com\/en\/legal-warning\/\",\"name\":\"Legal warning - Ekar-Safety\",\"isPartOf\":{\"@id\":\"https:\/\/www.ekarsafety.com\/#website\"},\"datePublished\":\"2022-06-27T08:18:04+00:00\",\"dateModified\":\"2023-07-28T07:48:42+00:00\",\"description\":\"Legal warning\",\"breadcrumb\":{\"@id\":\"https:\/\/www.ekarsafety.com\/en\/legal-warning\/#breadcrumb\"},\"inLanguage\":\"en-US\",\"potentialAction\":[{\"@type\":\"ReadAction\",\"target\":[\"https:\/\/www.ekarsafety.com\/en\/legal-warning\/\"]}]},{\"@type\":\"BreadcrumbList\",\"@id\":\"https:\/\/www.ekarsafety.com\/en\/legal-warning\/#breadcrumb\",\"itemListElement\":[{\"@type\":\"ListItem\",\"position\":1,\"name\":\"Portada\",\"item\":\"https:\/\/www.ekarsafety.com\/en\/start\/\"},{\"@type\":\"ListItem\",\"position\":2,\"name\":\"Legal warning\"}]},{\"@type\":\"WebSite\",\"@id\":\"https:\/\/www.ekarsafety.com\/#website\",\"url\":\"https:\/\/www.ekarsafety.com\/\",\"name\":\"Ekar-Safety\",\"description\":\"Aportamos soluciones de importaci\u00f3n de productos de protecci\u00f3n\",\"publisher\":{\"@id\":\"https:\/\/www.ekarsafety.com\/#organization\"},\"alternateName\":\"Ekar-Safety\",\"potentialAction\":[{\"@type\":\"SearchAction\",\"target\":{\"@type\":\"EntryPoint\",\"urlTemplate\":\"https:\/\/www.ekarsafety.com\/?s={search_term_string}\"},\"query-input\":\"required name=search_term_string\"}],\"inLanguage\":\"en-US\"},{\"@type\":\"Organization\",\"@id\":\"https:\/\/www.ekarsafety.com\/#organization\",\"name\":\"Ekar- Safety\",\"alternateName\":\"Ekar- Safety\",\"url\":\"https:\/\/www.ekarsafety.com\/\",\"logo\":{\"@type\":\"ImageObject\",\"inLanguage\":\"en-US\",\"@id\":\"https:\/\/www.ekarsafety.com\/#\/schema\/logo\/image\/\",\"url\":\"https:\/\/www.ekarsafety.com\/wp-content\/uploads\/2022\/06\/cropped-cropped-logo.gif\",\"contentUrl\":\"https:\/\/www.ekarsafety.com\/wp-content\/uploads\/2022\/06\/cropped-cropped-logo.gif\",\"width\":261,\"height\":104,\"caption\":\"Ekar- Safety\"},\"image\":{\"@id\":\"https:\/\/www.ekarsafety.com\/#\/schema\/logo\/image\/\"}}]}<\/script>\n<!-- \/ Yoast SEO plugin. -->","yoast_head_json":{"title":"Legal warning - Ekar-Safety","description":"Legal warning","robots":{"index":"index","follow":"follow","max-snippet":"max-snippet:-1","max-image-preview":"max-image-preview:large","max-video-preview":"max-video-preview:-1"},"canonical":"https:\/\/www.ekarsafety.com\/en\/legal-warning\/","og_locale":"en_US","og_type":"article","og_title":"Legal warning - Ekar-Safety","og_description":"Legal warning","og_url":"https:\/\/www.ekarsafety.com\/en\/legal-warning\/","og_site_name":"Ekar-Safety","article_modified_time":"2023-07-28T07:48:42+00:00","twitter_card":"summary_large_image","twitter_misc":{"Est. reading time":"6 minutes"},"schema":{"@context":"https:\/\/schema.org","@graph":[{"@type":"WebPage","@id":"https:\/\/www.ekarsafety.com\/en\/legal-warning\/","url":"https:\/\/www.ekarsafety.com\/en\/legal-warning\/","name":"Legal warning - Ekar-Safety","isPartOf":{"@id":"https:\/\/www.ekarsafety.com\/#website"},"datePublished":"2022-06-27T08:18:04+00:00","dateModified":"2023-07-28T07:48:42+00:00","description":"Legal warning","breadcrumb":{"@id":"https:\/\/www.ekarsafety.com\/en\/legal-warning\/#breadcrumb"},"inLanguage":"en-US","potentialAction":[{"@type":"ReadAction","target":["https:\/\/www.ekarsafety.com\/en\/legal-warning\/"]}]},{"@type":"BreadcrumbList","@id":"https:\/\/www.ekarsafety.com\/en\/legal-warning\/#breadcrumb","itemListElement":[{"@type":"ListItem","position":1,"name":"Portada","item":"https:\/\/www.ekarsafety.com\/en\/start\/"},{"@type":"ListItem","position":2,"name":"Legal warning"}]},{"@type":"WebSite","@id":"https:\/\/www.ekarsafety.com\/#website","url":"https:\/\/www.ekarsafety.com\/","name":"Ekar-Safety","description":"Aportamos soluciones de importaci\u00f3n de productos de protecci\u00f3n","publisher":{"@id":"https:\/\/www.ekarsafety.com\/#organization"},"alternateName":"Ekar-Safety","potentialAction":[{"@type":"SearchAction","target":{"@type":"EntryPoint","urlTemplate":"https:\/\/www.ekarsafety.com\/?s={search_term_string}"},"query-input":"required name=search_term_string"}],"inLanguage":"en-US"},{"@type":"Organization","@id":"https:\/\/www.ekarsafety.com\/#organization","name":"Ekar- Safety","alternateName":"Ekar- Safety","url":"https:\/\/www.ekarsafety.com\/","logo":{"@type":"ImageObject","inLanguage":"en-US","@id":"https:\/\/www.ekarsafety.com\/#\/schema\/logo\/image\/","url":"https:\/\/www.ekarsafety.com\/wp-content\/uploads\/2022\/06\/cropped-cropped-logo.gif","contentUrl":"https:\/\/www.ekarsafety.com\/wp-content\/uploads\/2022\/06\/cropped-cropped-logo.gif","width":261,"height":104,"caption":"Ekar- Safety"},"image":{"@id":"https:\/\/www.ekarsafety.com\/#\/schema\/logo\/image\/"}}]}},"_links":{"self":[{"href":"https:\/\/www.ekarsafety.com\/en\/wp-json\/wp\/v2\/pages\/493","targetHints":{"allow":["GET"]}}],"collection":[{"href":"https:\/\/www.ekarsafety.com\/en\/wp-json\/wp\/v2\/pages"}],"about":[{"href":"https:\/\/www.ekarsafety.com\/en\/wp-json\/wp\/v2\/types\/page"}],"author":[{"embeddable":true,"href":"https:\/\/www.ekarsafety.com\/en\/wp-json\/wp\/v2\/users\/1"}],"replies":[{"embeddable":true,"href":"https:\/\/www.ekarsafety.com\/en\/wp-json\/wp\/v2\/comments?post=493"}],"version-history":[{"count":10,"href":"https:\/\/www.ekarsafety.com\/en\/wp-json\/wp\/v2\/pages\/493\/revisions"}],"predecessor-version":[{"id":558,"href":"https:\/\/www.ekarsafety.com\/en\/wp-json\/wp\/v2\/pages\/493\/revisions\/558"}],"wp:attachment":[{"href":"https:\/\/www.ekarsafety.com\/en\/wp-json\/wp\/v2\/media?parent=493"}],"curies":[{"name":"wp","href":"https:\/\/api.w.org\/{rel}","templated":true}]}}